{"id":521,"date":"2016-09-25T16:23:36","date_gmt":"2016-09-25T19:23:36","guid":{"rendered":"http:\/\/www.alexandriagroup.net\/inicio\/"},"modified":"2022-07-29T14:18:30","modified_gmt":"2022-07-29T17:18:30","slug":"inicio","status":"publish","type":"page","link":"https:\/\/www.alexandriagroup.net\/es\/","title":{"rendered":"Home"},"content":{"rendered":"","protected":false},"excerpt":{"rendered":"","protected":false},"author":2,"featured_media":0,"parent":0,"menu_order":0,"comment_status":"closed","ping_status":"closed","template":"","meta":{"_acf_changed":false,"footnotes":""},"class_list":["post-521","page","type-page","status-publish","hentry"],"acf":[],"yoast_head":"<!-- This site is optimized with the Yoast SEO plugin v26.4 - https:\/\/yoast.com\/wordpress\/plugins\/seo\/ -->\n<title>Home - Alexandria<\/title>\n<meta name=\"robots\" content=\"index, follow, max-snippet:-1, max-image-preview:large, max-video-preview:-1\" \/>\n<link rel=\"canonical\" href=\"https:\/\/www.alexandriagroup.net\/es\/\" \/>\n<meta property=\"og:locale\" content=\"es_ES\" \/>\n<meta property=\"og:type\" content=\"article\" \/>\n<meta property=\"og:title\" content=\"Home - Alexandria\" \/>\n<meta property=\"og:url\" content=\"https:\/\/www.alexandriagroup.net\/es\/\" \/>\n<meta property=\"og:site_name\" content=\"Alexandria\" \/>\n<meta property=\"article:publisher\" content=\"https:\/\/www.facebook.com\/alexandriabrandinginnovation\/\" \/>\n<meta property=\"article:modified_time\" content=\"2022-07-29T17:18:30+00:00\" \/>\n<meta name=\"twitter:card\" content=\"summary_large_image\" \/>\n<script type=\"application\/ld+json\" class=\"yoast-schema-graph\">{\"@context\":\"https:\/\/schema.org\",\"@graph\":[{\"@type\":\"WebPage\",\"@id\":\"https:\/\/www.alexandriagroup.net\/es\/\",\"url\":\"https:\/\/www.alexandriagroup.net\/es\/\",\"name\":\"Home - Alexandria\",\"isPartOf\":{\"@id\":\"https:\/\/www.alexandriagroup.net\/en\/#website\"},\"datePublished\":\"2016-09-25T19:23:36+00:00\",\"dateModified\":\"2022-07-29T17:18:30+00:00\",\"breadcrumb\":{\"@id\":\"https:\/\/www.alexandriagroup.net\/es\/#breadcrumb\"},\"inLanguage\":\"es\",\"potentialAction\":[{\"@type\":\"ReadAction\",\"target\":[\"https:\/\/www.alexandriagroup.net\/es\/\"]}]},{\"@type\":\"BreadcrumbList\",\"@id\":\"https:\/\/www.alexandriagroup.net\/es\/#breadcrumb\",\"itemListElement\":[{\"@type\":\"ListItem\",\"position\":1,\"name\":\"In\u00edcio\",\"item\":\"https:\/\/www.alexandriagroup.net\/es\/\"},{\"@type\":\"ListItem\",\"position\":2,\"name\":\"Home\"}]},{\"@type\":\"WebSite\",\"@id\":\"https:\/\/www.alexandriagroup.net\/en\/#website\",\"url\":\"https:\/\/www.alexandriagroup.net\/en\/\",\"name\":\"Alexandria\",\"description\":\"Consultoria estrat\u00e9gica de branding, research e inova\u00e7\u00e3o.\",\"publisher\":{\"@id\":\"https:\/\/www.alexandriagroup.net\/en\/#organization\"},\"potentialAction\":[{\"@type\":\"SearchAction\",\"target\":{\"@type\":\"EntryPoint\",\"urlTemplate\":\"https:\/\/www.alexandriagroup.net\/en\/?s={search_term_string}\"},\"query-input\":{\"@type\":\"PropertyValueSpecification\",\"valueRequired\":true,\"valueName\":\"search_term_string\"}}],\"inLanguage\":\"es\"},{\"@type\":\"Organization\",\"@id\":\"https:\/\/www.alexandriagroup.net\/en\/#organization\",\"name\":\"Alexandria\",\"url\":\"https:\/\/www.alexandriagroup.net\/en\/\",\"logo\":{\"@type\":\"ImageObject\",\"inLanguage\":\"es\",\"@id\":\"https:\/\/www.alexandriagroup.net\/en\/#\/schema\/logo\/image\/\",\"url\":\"https:\/\/i0.wp.com\/165.232.142.13\/wp-content\/uploads\/2016\/10\/logo-fb.png?fit=400%2C400\",\"contentUrl\":\"https:\/\/i0.wp.com\/165.232.142.13\/wp-content\/uploads\/2016\/10\/logo-fb.png?fit=400%2C400\",\"width\":400,\"height\":400,\"caption\":\"Alexandria\"},\"image\":{\"@id\":\"https:\/\/www.alexandriagroup.net\/en\/#\/schema\/logo\/image\/\"},\"sameAs\":[\"https:\/\/www.facebook.com\/alexandriabrandinginnovation\/\",\"https:\/\/www.instagram.com\/alexandriagroup\/\"]}]}<\/script>\n<!-- \/ Yoast SEO plugin. -->","yoast_head_json":{"title":"Home - Alexandria","robots":{"index":"index","follow":"follow","max-snippet":"max-snippet:-1","max-image-preview":"max-image-preview:large","max-video-preview":"max-video-preview:-1"},"canonical":"https:\/\/www.alexandriagroup.net\/es\/","og_locale":"es_ES","og_type":"article","og_title":"Home - Alexandria","og_url":"https:\/\/www.alexandriagroup.net\/es\/","og_site_name":"Alexandria","article_publisher":"https:\/\/www.facebook.com\/alexandriabrandinginnovation\/","article_modified_time":"2022-07-29T17:18:30+00:00","twitter_card":"summary_large_image","schema":{"@context":"https:\/\/schema.org","@graph":[{"@type":"WebPage","@id":"https:\/\/www.alexandriagroup.net\/es\/","url":"https:\/\/www.alexandriagroup.net\/es\/","name":"Home - Alexandria","isPartOf":{"@id":"https:\/\/www.alexandriagroup.net\/en\/#website"},"datePublished":"2016-09-25T19:23:36+00:00","dateModified":"2022-07-29T17:18:30+00:00","breadcrumb":{"@id":"https:\/\/www.alexandriagroup.net\/es\/#breadcrumb"},"inLanguage":"es","potentialAction":[{"@type":"ReadAction","target":["https:\/\/www.alexandriagroup.net\/es\/"]}]},{"@type":"BreadcrumbList","@id":"https:\/\/www.alexandriagroup.net\/es\/#breadcrumb","itemListElement":[{"@type":"ListItem","position":1,"name":"In\u00edcio","item":"https:\/\/www.alexandriagroup.net\/es\/"},{"@type":"ListItem","position":2,"name":"Home"}]},{"@type":"WebSite","@id":"https:\/\/www.alexandriagroup.net\/en\/#website","url":"https:\/\/www.alexandriagroup.net\/en\/","name":"Alexandria","description":"Consultoria estrat\u00e9gica de branding, research e inova\u00e7\u00e3o.","publisher":{"@id":"https:\/\/www.alexandriagroup.net\/en\/#organization"},"potentialAction":[{"@type":"SearchAction","target":{"@type":"EntryPoint","urlTemplate":"https:\/\/www.alexandriagroup.net\/en\/?s={search_term_string}"},"query-input":{"@type":"PropertyValueSpecification","valueRequired":true,"valueName":"search_term_string"}}],"inLanguage":"es"},{"@type":"Organization","@id":"https:\/\/www.alexandriagroup.net\/en\/#organization","name":"Alexandria","url":"https:\/\/www.alexandriagroup.net\/en\/","logo":{"@type":"ImageObject","inLanguage":"es","@id":"https:\/\/www.alexandriagroup.net\/en\/#\/schema\/logo\/image\/","url":"https:\/\/i0.wp.com\/165.232.142.13\/wp-content\/uploads\/2016\/10\/logo-fb.png?fit=400%2C400","contentUrl":"https:\/\/i0.wp.com\/165.232.142.13\/wp-content\/uploads\/2016\/10\/logo-fb.png?fit=400%2C400","width":400,"height":400,"caption":"Alexandria"},"image":{"@id":"https:\/\/www.alexandriagroup.net\/en\/#\/schema\/logo\/image\/"},"sameAs":["https:\/\/www.facebook.com\/alexandriabrandinginnovation\/","https:\/\/www.instagram.com\/alexandriagroup\/"]}]}},"jetpack_sharing_enabled":true,"_links":{"self":[{"href":"https:\/\/www.alexandriagroup.net\/es\/wp-json\/wp\/v2\/pages\/521","targetHints":{"allow":["GET"]}}],"collection":[{"href":"https:\/\/www.alexandriagroup.net\/es\/wp-json\/wp\/v2\/pages"}],"about":[{"href":"https:\/\/www.alexandriagroup.net\/es\/wp-json\/wp\/v2\/types\/page"}],"author":[{"embeddable":true,"href":"https:\/\/www.alexandriagroup.net\/es\/wp-json\/wp\/v2\/users\/2"}],"replies":[{"embeddable":true,"href":"https:\/\/www.alexandriagroup.net\/es\/wp-json\/wp\/v2\/comments?post=521"}],"version-history":[{"count":10,"href":"https:\/\/www.alexandriagroup.net\/es\/wp-json\/wp\/v2\/pages\/521\/revisions"}],"predecessor-version":[{"id":3173,"href":"https:\/\/www.alexandriagroup.net\/es\/wp-json\/wp\/v2\/pages\/521\/revisions\/3173"}],"wp:attachment":[{"href":"https:\/\/www.alexandriagroup.net\/es\/wp-json\/wp\/v2\/media?parent=521"}],"curies":[{"name":"wp","href":"https:\/\/api.w.org\/{rel}","templated":true}]}}