{"id":597,"date":"2016-09-25T19:01:02","date_gmt":"2016-09-25T22:01:02","guid":{"rendered":"http:\/\/www.alexandriagroup.net\/como-fazemos\/"},"modified":"2017-12-20T17:16:27","modified_gmt":"2017-12-20T19:16:27","slug":"como-fazemos","status":"publish","type":"page","link":"https:\/\/www.alexandriagroup.net\/en\/como-fazemos\/","title":{"rendered":"How we do it"},"content":{"rendered":"","protected":false},"excerpt":{"rendered":"","protected":false},"author":2,"featured_media":0,"parent":0,"menu_order":0,"comment_status":"closed","ping_status":"closed","template":"page-como-fazemos.php","meta":{"_acf_changed":false,"footnotes":""},"class_list":["post-597","page","type-page","status-publish","hentry"],"acf":[],"yoast_head":"<!-- This site is optimized with the Yoast SEO plugin v26.4 - https:\/\/yoast.com\/wordpress\/plugins\/seo\/ -->\n<title>How we do it - Alexandria<\/title>\n<meta name=\"robots\" content=\"index, follow, max-snippet:-1, max-image-preview:large, max-video-preview:-1\" \/>\n<link rel=\"canonical\" href=\"https:\/\/www.alexandriagroup.net\/en\/como-fazemos\/\" \/>\n<meta property=\"og:locale\" content=\"en_US\" \/>\n<meta property=\"og:type\" content=\"article\" \/>\n<meta property=\"og:title\" content=\"How we do it - Alexandria\" \/>\n<meta property=\"og:url\" content=\"https:\/\/www.alexandriagroup.net\/en\/como-fazemos\/\" \/>\n<meta property=\"og:site_name\" content=\"Alexandria\" \/>\n<meta property=\"article:publisher\" content=\"https:\/\/www.facebook.com\/alexandriabrandinginnovation\/\" \/>\n<meta property=\"article:modified_time\" content=\"2017-12-20T19:16:27+00:00\" \/>\n<meta name=\"twitter:card\" content=\"summary_large_image\" \/>\n<script type=\"application\/ld+json\" class=\"yoast-schema-graph\">{\"@context\":\"https:\/\/schema.org\",\"@graph\":[{\"@type\":\"WebPage\",\"@id\":\"https:\/\/www.alexandriagroup.net\/en\/como-fazemos\/\",\"url\":\"https:\/\/www.alexandriagroup.net\/en\/como-fazemos\/\",\"name\":\"How we do it - Alexandria\",\"isPartOf\":{\"@id\":\"https:\/\/www.alexandriagroup.net\/en\/#website\"},\"datePublished\":\"2016-09-25T22:01:02+00:00\",\"dateModified\":\"2017-12-20T19:16:27+00:00\",\"breadcrumb\":{\"@id\":\"https:\/\/www.alexandriagroup.net\/en\/como-fazemos\/#breadcrumb\"},\"inLanguage\":\"en-US\",\"potentialAction\":[{\"@type\":\"ReadAction\",\"target\":[\"https:\/\/www.alexandriagroup.net\/en\/como-fazemos\/\"]}]},{\"@type\":\"BreadcrumbList\",\"@id\":\"https:\/\/www.alexandriagroup.net\/en\/como-fazemos\/#breadcrumb\",\"itemListElement\":[{\"@type\":\"ListItem\",\"position\":1,\"name\":\"In\u00edcio\",\"item\":\"https:\/\/www.alexandriagroup.net\/en\/\"},{\"@type\":\"ListItem\",\"position\":2,\"name\":\"How we do it\"}]},{\"@type\":\"WebSite\",\"@id\":\"https:\/\/www.alexandriagroup.net\/en\/#website\",\"url\":\"https:\/\/www.alexandriagroup.net\/en\/\",\"name\":\"Alexandria\",\"description\":\"Consultoria estrat\u00e9gica de branding, research e inova\u00e7\u00e3o.\",\"publisher\":{\"@id\":\"https:\/\/www.alexandriagroup.net\/en\/#organization\"},\"potentialAction\":[{\"@type\":\"SearchAction\",\"target\":{\"@type\":\"EntryPoint\",\"urlTemplate\":\"https:\/\/www.alexandriagroup.net\/en\/?s={search_term_string}\"},\"query-input\":{\"@type\":\"PropertyValueSpecification\",\"valueRequired\":true,\"valueName\":\"search_term_string\"}}],\"inLanguage\":\"en-US\"},{\"@type\":\"Organization\",\"@id\":\"https:\/\/www.alexandriagroup.net\/en\/#organization\",\"name\":\"Alexandria\",\"url\":\"https:\/\/www.alexandriagroup.net\/en\/\",\"logo\":{\"@type\":\"ImageObject\",\"inLanguage\":\"en-US\",\"@id\":\"https:\/\/www.alexandriagroup.net\/en\/#\/schema\/logo\/image\/\",\"url\":\"https:\/\/i0.wp.com\/165.232.142.13\/wp-content\/uploads\/2016\/10\/logo-fb.png?fit=400%2C400\",\"contentUrl\":\"https:\/\/i0.wp.com\/165.232.142.13\/wp-content\/uploads\/2016\/10\/logo-fb.png?fit=400%2C400\",\"width\":400,\"height\":400,\"caption\":\"Alexandria\"},\"image\":{\"@id\":\"https:\/\/www.alexandriagroup.net\/en\/#\/schema\/logo\/image\/\"},\"sameAs\":[\"https:\/\/www.facebook.com\/alexandriabrandinginnovation\/\",\"https:\/\/www.instagram.com\/alexandriagroup\/\"]}]}<\/script>\n<!-- \/ Yoast SEO plugin. -->","yoast_head_json":{"title":"How we do it - Alexandria","robots":{"index":"index","follow":"follow","max-snippet":"max-snippet:-1","max-image-preview":"max-image-preview:large","max-video-preview":"max-video-preview:-1"},"canonical":"https:\/\/www.alexandriagroup.net\/en\/como-fazemos\/","og_locale":"en_US","og_type":"article","og_title":"How we do it - Alexandria","og_url":"https:\/\/www.alexandriagroup.net\/en\/como-fazemos\/","og_site_name":"Alexandria","article_publisher":"https:\/\/www.facebook.com\/alexandriabrandinginnovation\/","article_modified_time":"2017-12-20T19:16:27+00:00","twitter_card":"summary_large_image","schema":{"@context":"https:\/\/schema.org","@graph":[{"@type":"WebPage","@id":"https:\/\/www.alexandriagroup.net\/en\/como-fazemos\/","url":"https:\/\/www.alexandriagroup.net\/en\/como-fazemos\/","name":"How we do it - Alexandria","isPartOf":{"@id":"https:\/\/www.alexandriagroup.net\/en\/#website"},"datePublished":"2016-09-25T22:01:02+00:00","dateModified":"2017-12-20T19:16:27+00:00","breadcrumb":{"@id":"https:\/\/www.alexandriagroup.net\/en\/como-fazemos\/#breadcrumb"},"inLanguage":"en-US","potentialAction":[{"@type":"ReadAction","target":["https:\/\/www.alexandriagroup.net\/en\/como-fazemos\/"]}]},{"@type":"BreadcrumbList","@id":"https:\/\/www.alexandriagroup.net\/en\/como-fazemos\/#breadcrumb","itemListElement":[{"@type":"ListItem","position":1,"name":"In\u00edcio","item":"https:\/\/www.alexandriagroup.net\/en\/"},{"@type":"ListItem","position":2,"name":"How we do it"}]},{"@type":"WebSite","@id":"https:\/\/www.alexandriagroup.net\/en\/#website","url":"https:\/\/www.alexandriagroup.net\/en\/","name":"Alexandria","description":"Consultoria estrat\u00e9gica de branding, research e inova\u00e7\u00e3o.","publisher":{"@id":"https:\/\/www.alexandriagroup.net\/en\/#organization"},"potentialAction":[{"@type":"SearchAction","target":{"@type":"EntryPoint","urlTemplate":"https:\/\/www.alexandriagroup.net\/en\/?s={search_term_string}"},"query-input":{"@type":"PropertyValueSpecification","valueRequired":true,"valueName":"search_term_string"}}],"inLanguage":"en-US"},{"@type":"Organization","@id":"https:\/\/www.alexandriagroup.net\/en\/#organization","name":"Alexandria","url":"https:\/\/www.alexandriagroup.net\/en\/","logo":{"@type":"ImageObject","inLanguage":"en-US","@id":"https:\/\/www.alexandriagroup.net\/en\/#\/schema\/logo\/image\/","url":"https:\/\/i0.wp.com\/165.232.142.13\/wp-content\/uploads\/2016\/10\/logo-fb.png?fit=400%2C400","contentUrl":"https:\/\/i0.wp.com\/165.232.142.13\/wp-content\/uploads\/2016\/10\/logo-fb.png?fit=400%2C400","width":400,"height":400,"caption":"Alexandria"},"image":{"@id":"https:\/\/www.alexandriagroup.net\/en\/#\/schema\/logo\/image\/"},"sameAs":["https:\/\/www.facebook.com\/alexandriabrandinginnovation\/","https:\/\/www.instagram.com\/alexandriagroup\/"]}]}},"jetpack_sharing_enabled":true,"_links":{"self":[{"href":"https:\/\/www.alexandriagroup.net\/en\/wp-json\/wp\/v2\/pages\/597","targetHints":{"allow":["GET"]}}],"collection":[{"href":"https:\/\/www.alexandriagroup.net\/en\/wp-json\/wp\/v2\/pages"}],"about":[{"href":"https:\/\/www.alexandriagroup.net\/en\/wp-json\/wp\/v2\/types\/page"}],"author":[{"embeddable":true,"href":"https:\/\/www.alexandriagroup.net\/en\/wp-json\/wp\/v2\/users\/2"}],"replies":[{"embeddable":true,"href":"https:\/\/www.alexandriagroup.net\/en\/wp-json\/wp\/v2\/comments?post=597"}],"version-history":[{"count":10,"href":"https:\/\/www.alexandriagroup.net\/en\/wp-json\/wp\/v2\/pages\/597\/revisions"}],"predecessor-version":[{"id":819,"href":"https:\/\/www.alexandriagroup.net\/en\/wp-json\/wp\/v2\/pages\/597\/revisions\/819"}],"wp:attachment":[{"href":"https:\/\/www.alexandriagroup.net\/en\/wp-json\/wp\/v2\/media?parent=597"}],"curies":[{"name":"wp","href":"https:\/\/api.w.org\/{rel}","templated":true}]}}